{"id":8593,"date":"2018-11-30T10:48:57","date_gmt":"2018-11-30T10:48:57","guid":{"rendered":"http:\/\/localhost\/projects\/solar\/?page_id=8593"},"modified":"2026-02-18T10:25:06","modified_gmt":"2026-02-18T10:25:06","slug":"kontakt","status":"publish","type":"page","link":"https:\/\/radomsko-mieszkania.pl\/osiedle-sloneczne\/kontakt\/","title":{"rendered":"Kontakt"},"content":{"rendered":"<p>[vc_row thsn-zindex=&#8221;2&#8243; full_width=&#8221;stretch_row&#8221; el_class=&#8221;thsn-overflow-visible&#8221; css=&#8221;.vc_custom_1570009362268{padding-top: 0px !important;}&#8221; thsn-responsive-css=&#8221;52264417|colbreak_no|||||||||colbreak_yes|||||||||colbreak_no||||||||||colbreak_no|||||||||&#8221;][vc_column width=&#8221;5\/12&#8243; css=&#8221;.vc_custom_1567745584733{padding-top: 80px !important;padding-right: 60px !important;padding-bottom: 30px !important;}&#8221;][vc_column_text]<\/p>\n<h6>Numer telefonu<\/h6>\n<p><i class=\"thsn-base-icon-phone-volume-solid\" style=\"color: #ff9900;\"><\/i> <a href=\"tel:502 427 799\"><strong>502 427 799<\/strong> Zygmunt Ko\u015bny<\/a><br \/>\n<i class=\"thsn-base-icon-phone-volume-solid\" style=\"color: #ff9900;\"><\/i> <a href=\"tel:509 235 573\"><strong>509 235 573<\/strong> Danuta Rymarek<\/a><br \/>\n<i class=\"thsn-base-icon-phone-volume-solid\" style=\"color: #ff9900;\"><\/i> <a href=\"tel:509 235 408\"><strong>509 235 408<\/strong> Mariusz Groszek Prezentacje mieszka\u0144<\/a>[\/vc_column_text][vc_column_text]<\/p>\n<h6>Email<\/h6>\n<p><i class=\"thsn-base-icon-mail-alt\" style=\"color: #ff9900;\"><\/i> <a href=\"mailto:biuro@kobud.com.pl\">biuro@kobud.com.pl<\/a>[\/vc_column_text][vc_column_text]<\/p>\n<h6>Adres<\/h6>\n<p><i class=\"thsn-base-icon-map-marker-alt-solid\" style=\"color: #ff9900;\"><\/i> ul. Stara Droga 49, 97-500 Radomsko[\/vc_column_text][\/vc_column][vc_column thsn-bg-color=&#8221;light&#8221; thsn-zindex=&#8221;2&#8243; thsn-extended-column=&#8221;right&#8221; width=&#8221;7\/12&#8243; el_class=&#8221;thsn-contact-box&#8221; css=&#8221;.vc_custom_1570009406273{padding-top: 80px !important;padding-bottom: 70px !important;padding-left: 60px !important;}&#8221; thsn-responsive-css=&#8221;48507394|colbreak_no|||||||||colbreak_no||||||15||15|colbreak_no||||||||||colbreak_no|||||||||&#8221;]<div role=\"form\" class=\"wpcf7\" id=\"wpcf7-f13166-o1\" lang=\"en-US\" dir=\"ltr\">\n<div class=\"screen-reader-response\"><p role=\"status\" aria-live=\"polite\" aria-atomic=\"true\"><\/p> <ul><\/ul><\/div>\n<form action=\"\/osiedle-sloneczne\/wp-json\/wp\/v2\/pages\/8593#wpcf7-f13166-o1\" method=\"post\" class=\"wpcf7-form init\" novalidate=\"novalidate\" data-status=\"init\">\n<div style=\"display: none;\">\n<input type=\"hidden\" name=\"_wpcf7\" value=\"13166\" \/>\n<input type=\"hidden\" name=\"_wpcf7_version\" value=\"5.6.4\" \/>\n<input type=\"hidden\" name=\"_wpcf7_locale\" value=\"en_US\" \/>\n<input type=\"hidden\" name=\"_wpcf7_unit_tag\" value=\"wpcf7-f13166-o1\" \/>\n<input type=\"hidden\" name=\"_wpcf7_container_post\" value=\"0\" \/>\n<input type=\"hidden\" name=\"_wpcf7_posted_data_hash\" value=\"\" \/>\n<\/div>\n<div class=\"thsn-main-form thsn-style-2\">\n<div class=\"row\">\n<div class=\"col-sm-6\">\n<div class=\"input-group\"><span class=\"wpcf7-form-control-wrap\" data-name=\"your-name\"><input type=\"text\" name=\"your-name\" value=\"\" size=\"40\" class=\"wpcf7-form-control wpcf7-text\" aria-invalid=\"false\" placeholder=\"Imi\u0119 *\" \/><\/span><\/div>\n<\/div>\n<div class=\"col-sm-6\">\n<div class=\"input-group\"><span class=\"wpcf7-form-control-wrap\" data-name=\"your-name\"><input type=\"text\" name=\"your-name\" value=\"\" size=\"40\" class=\"wpcf7-form-control wpcf7-text\" aria-invalid=\"false\" placeholder=\"Nazwisko *\" \/><\/span><\/div>\n<\/div>\n<div class=\"col-sm-6\">\n<div class=\"input-group\"><span class=\"wpcf7-form-control-wrap\" data-name=\"your-email\"><input type=\"email\" name=\"your-email\" value=\"\" size=\"40\" class=\"wpcf7-form-control wpcf7-text wpcf7-email wpcf7-validates-as-required wpcf7-validates-as-email\" aria-required=\"true\" aria-invalid=\"false\" placeholder=\"Adres email *\" \/><\/span><\/div>\n<\/div>\n<div class=\"col-sm-6\">\n<div class=\"input-group input-button\"><span class=\"wpcf7-form-control-wrap\" data-name=\"website-url\"><input type=\"text\" name=\"website-url\" value=\"\" size=\"40\" class=\"wpcf7-form-control wpcf7-text\" aria-invalid=\"false\" placeholder=\"Numer telefonu *\" \/><\/span><\/div>\n<\/div>\n<div class=\"col-sm-12\">\n<div class=\"input-group input-button\"><span class=\"wpcf7-form-control-wrap\" data-name=\"message\"><textarea name=\"message\" cols=\"40\" rows=\"5\" class=\"wpcf7-form-control wpcf7-textarea\" aria-invalid=\"false\" placeholder=\"Tre\u015b\u0107 wiadomo\u015bci\"><\/textarea><\/span><\/div>\n<\/div>\n<div class=\"col-sm-12\">\n<div class=\"input-group input-button\"><input type=\"submit\" value=\"Wy\u015blij wiadomo\u015b\u0107\" class=\"wpcf7-form-control has-spinner wpcf7-submit\" \/><\/div>\n<\/div>\n<\/div>\n<\/div>\n<div class=\"wpcf7-response-output\" aria-hidden=\"true\"><\/div><\/form><\/div>[\/vc_column][\/vc_row][vc_row full_width=&#8221;stretch_row_content_no_spaces&#8221;][vc_column][vc_raw_html css=&#8221;.vc_custom_1764950882999{margin-bottom: 0px !important;}&#8221;]JTNDZGl2JTIwc3R5bGUlM0QlMjJoZWlnaHQlM0E0NTBweCUzQiUyMiUzRSUwQSUzQ2lmcmFtZSUyMHNyYyUzRCUyMmh0dHBzJTNBJTJGJTJGd3d3Lmdvb2dsZS5jb20lMkZtYXBzJTJGZW1iZWQlM0ZwYiUzRCUyMTFtMTglMjExbTEyJTIxMW0zJTIxMWQyNTA3Ljk0MTc5NDAxMDEwOSUyMTJkMTkuNDM0MTE0Mjc2NDg5Nzk3JTIxM2Q1MS4wNTQxNjI1NDM3MTI1OCUyMTJtMyUyMTFmMCUyMTJmMCUyMTNmMCUyMTNtMiUyMTFpMTAyNCUyMTJpNzY4JTIxNGYxMy4xJTIxM20zJTIxMW0yJTIxMXMweDQ3MTc1NTQyMjliMzZjYTElMjUzQTB4MjdjMDlhMzdkODUzNmY0YiUyMTJzT3NpZWRsZSUyNTIwUyUyNUM1JTI1ODJvbmVjem5lJTIxNWUwJTIxM20yJTIxMXNwbCUyMTJzcGwlMjE0djE3NjQ5MjI3ODA5OTglMjE1bTIlMjExc3BsJTIxMnNwbCUyMiUyMHdpZHRoJTNEJTIyNjAwJTIyJTIwaGVpZ2h0JTNEJTIyNDUwJTIyJTIwZnJhbWVib3JkZXIlM0QlMjIwJTIyJTIwc3R5bGUlM0QlMjJib3JkZXIlM0EwJTNCJTIwd2lkdGglM0ExMDAlMjUlM0IlMjIlMjBhbGxvd2Z1bGxzY3JlZW4lM0UlM0MlMkZpZnJhbWUlM0UlM0MlMkZkaXYlM0U=[\/vc_raw_html][\/vc_column][\/vc_row]<\/p>\n","protected":false},"excerpt":{"rendered":"<p>[vc_row thsn-zindex=&#8221;2&#8243; full_width=&#8221;stretch_row&#8221; el_class=&#8221;thsn-overflow-visible&#8221; css=&#8221;.vc_custom_1570009362268{padding-top: 0px !important;}&#8221; thsn-responsive-css=&#8221;52264417|colbreak_no|||||||||colbreak_yes|||||||||colbreak_no||||||||||colbreak_no|||||||||&#8221;][vc_column width=&#8221;5\/12&#8243; css=&#8221;.vc_custom_1567745584733{padding-top: 80px !important;padding-right: 60px !important;padding-bottom: 30px !important;}&#8221;][vc_column_text] Numer telefonu 502 427 799 Zygmunt Ko\u015bny 509 235 573 Danuta Rymarek 509 235 408 Mariusz Groszek Prezentacje mieszka\u0144[\/vc_column_text][vc_column_text] Email biuro@kobud.com.pl[\/vc_column_text][vc_column_text] Adres ul. Stara Droga 49, 97-500 Radomsko[\/vc_column_text][\/vc_column][vc_column thsn-bg-color=&#8221;light&#8221; thsn-zindex=&#8221;2&#8243; thsn-extended-column=&#8221;right&#8221; width=&#8221;7\/12&#8243; el_class=&#8221;thsn-contact-box&#8221; css=&#8221;.vc_custom_1570009406273{padding-top: 80px !important;padding-bottom: 70px !important;padding-left: 60px [&hellip;]<\/p>\n","protected":false},"author":1,"featured_media":16095,"parent":0,"menu_order":18,"comment_status":"closed","ping_status":"closed","template":"","meta":{"footnotes":""},"acf":[],"_links":{"self":[{"href":"https:\/\/radomsko-mieszkania.pl\/osiedle-sloneczne\/wp-json\/wp\/v2\/pages\/8593"}],"collection":[{"href":"https:\/\/radomsko-mieszkania.pl\/osiedle-sloneczne\/wp-json\/wp\/v2\/pages"}],"about":[{"href":"https:\/\/radomsko-mieszkania.pl\/osiedle-sloneczne\/wp-json\/wp\/v2\/types\/page"}],"author":[{"embeddable":true,"href":"https:\/\/radomsko-mieszkania.pl\/osiedle-sloneczne\/wp-json\/wp\/v2\/users\/1"}],"replies":[{"embeddable":true,"href":"https:\/\/radomsko-mieszkania.pl\/osiedle-sloneczne\/wp-json\/wp\/v2\/comments?post=8593"}],"version-history":[{"count":18,"href":"https:\/\/radomsko-mieszkania.pl\/osiedle-sloneczne\/wp-json\/wp\/v2\/pages\/8593\/revisions"}],"predecessor-version":[{"id":16504,"href":"https:\/\/radomsko-mieszkania.pl\/osiedle-sloneczne\/wp-json\/wp\/v2\/pages\/8593\/revisions\/16504"}],"wp:featuredmedia":[{"embeddable":true,"href":"https:\/\/radomsko-mieszkania.pl\/osiedle-sloneczne\/wp-json\/wp\/v2\/media\/16095"}],"wp:attachment":[{"href":"https:\/\/radomsko-mieszkania.pl\/osiedle-sloneczne\/wp-json\/wp\/v2\/media?parent=8593"}],"curies":[{"name":"wp","href":"https:\/\/api.w.org\/{rel}","templated":true}]}}