{"id":8516,"date":"2018-11-30T06:49:24","date_gmt":"2018-11-30T06:49:24","guid":{"rendered":"http:\/\/localhost\/projects\/solar\/?page_id=8516"},"modified":"2026-02-20T10:03:13","modified_gmt":"2026-02-20T10:03:13","slug":"o-obiekcie","status":"publish","type":"page","link":"https:\/\/radomsko-mieszkania.pl\/osiedle-sloneczne\/o-obiekcie\/","title":{"rendered":"O osiedlu"},"content":{"rendered":"<p>[vc_row gap=&#8221;10&#8243; content_placement=&#8221;middle&#8221;][vc_column thsn-bg-image-position=&#8221;center-center&#8221; width=&#8221;1\/6&#8243; css=&#8221;.vc_custom_1701625299946{padding-top: 10px !important;}&#8221;][\/vc_column][vc_column width=&#8221;2\/3&#8243;][vc_empty_space][vc_column_text]<\/p>\n<p style=\"text-align: center;\">Na terenie osiedla funkcjonuje:<\/p>\n<p style=\"text-align: center;\">\u00b7 sklep og\u00f3lnospo\u017cywczy \u201eVitaminka&#8221;<\/p>\n<p style=\"text-align: center;\">\u00b7 przedszkole \u201eNibylandia&#8221;<\/p>\n<p style=\"text-align: center;\">\u00b7 gabinet stomatologiczny<\/p>\n<p style=\"text-align: center;\">\u00b7 \u017c\u0142obek<\/p>\n<p style=\"text-align: center;\">W pobli\u017cu kursuj\u0105 autobusy komunikacji miejskiej, zapewniaj\u0105c sprawne po\u0142\u0105czenie z pozosta\u0142ymi cz\u0119\u015bciami miasta.<\/p>\n<p style=\"text-align: center;\">W promieniu 5km od osiedla znajduj\u0105 si\u0119: szko\u0142y podstawowe, liceum, parki oraz place zabaw.<\/p>\n<p style=\"text-align: center;\">Osiedle \u201eS\u0142oneczne\u201d stanowi kameraln\u0105, spokojn\u0105 enklaw\u0119, w kt\u00f3rej mieszka\u0144cy mog\u0105 cieszy\u0107 si\u0119 bezpiecze\u0144stwem, wygod\u0105 oraz blisko\u015bci\u0105 natury, nie rezygnuj\u0105c z udogodnie\u0144, jakie oferuje miasto.<\/p>\n<p>[\/vc_column_text][\/vc_column][vc_column width=&#8221;1\/6&#8243;][\/vc_column][\/vc_row][vc_row thsn-text-color=&#8221;white&#8221; thsn-bg-color=&#8221;globalcolor&#8221; thsn-bg-image-color-order=&#8221;image-over-color&#8221; full_width=&#8221;stretch_row&#8221; css=&#8221;.vc_custom_1760605884143{background-image: url(https:\/\/radomsko-mieszkania.pl\/osiedle-sloneczne\/wp-content\/uploads\/2024\/02\/M2_Photo-5-scaled.jpg?id=15751) !important;background-position: center !important;background-repeat: no-repeat !important;background-size: cover !important;}&#8221;][vc_column][vc_row_inner thsn-bg-color=&#8221;globalcolor&#8221; css=&#8221;.vc_custom_1764846304096{padding-right: 20px !important;padding-left: 20px !important;}&#8221;][vc_column_inner width=&#8221;1\/3&#8243; css=&#8221;.vc_custom_1764846308651{padding-right: 20px !important;padding-left: 20px !important;}&#8221;][vc_empty_space][vc_column_text]Firma KOBUD zosta\u0142a za\u0142o\u017cona w 1990 roku. Od pocz\u0105tku swojej dzia\u0142alno\u015bci prowadzi prace produkcyjne i us\u0142ugowe w bran\u017cy budowlanej. Wieloletnie do\u015bwiadczenie oraz analiza lokalnego rynku pozwoli\u0142y nam kilkana\u015bcie lat temu rozszerzy\u0107 ofert\u0119 o budow\u0119 i sprzeda\u017c lokali mieszkalnych.<\/p>\n<p>Od 2008 roku firma uczestniczy\u0142a w realizacji osiedla mieszkaniowego \u201eOsiedle Rodzinne&#8221; przy ul. Starowiejskiej w Radomsku. Do 2018 roku wybudowali\u015bmy osiem budynk\u00f3w mieszkalnych, a wszystkie lokale znalaz\u0142y swoich nabywc\u00f3w.<\/p>\n<p>W 2011 roku rozpocz\u0119li\u015bmy inwestycj\u0119 polegaj\u0105c\u0105 na budowie energooszcz\u0119dnych dom\u00f3w w zabudowie szeregowej przy ul. Stara Droga (za PGK). By\u0142 to pocz\u0105tek realizacji Osiedla \u201eS\u0142onecznego\u201d.[\/vc_column_text][\/vc_column_inner][vc_column_inner width=&#8221;1\/3&#8243; thsn-responsive-css=&#8221;16025252|colbreak_no|||||||||colbreak_no|||||||||colbreak_no|40|||||||||colbreak_no|||||||||&#8221; css=&#8221;.vc_custom_1764846299297{padding-right: 20px !important;padding-left: 20px !important;}&#8221;][vc_empty_space][vc_column_text]Obecnie w ramach Osiedla \u201eS\u0142onecznego\u201d powsta\u0142o osiem nowoczesnych budynk\u00f3w wielorodzinnych, ka\u017cdy wyposa\u017cony w wind\u0119 oraz gara\u017ce podziemne, a tak\u017ce dodatkowe miejsca parkingowe na zewn\u0105trz. W budynkach tych znajduje si\u0119 \u0142\u0105cznie 238 lokali mieszkalnych, kt\u00f3re zosta\u0142y sprzedane, zarezerwowane lub s\u0105 wynajmowane.<\/p>\n<p>W kolejnych latach przy ul. Stara Droga wybudowano r\u00f3wnie\u017c dwa trzypi\u0119trowe budynki wielorodzinne (1A i 2A), obejmuj\u0105ce \u0142\u0105cznie 75 lokali mieszkalnych. W najbli\u017cszym czasie planowana jest realizacja dodatkowych miejsc postojowych oraz budowa gara\u017cy zewn\u0119trznych.[\/vc_column_text][\/vc_column_inner][vc_column_inner width=&#8221;1\/3&#8243; thsn-responsive-css=&#8221;69684339|colbreak_no|||||||||colbreak_no|||||||||colbreak_no|40|||||||||colbreak_no|||||||||&#8221;][vc_empty_space][vc_column_text]<strong>KOBUD DEWELOPER Sp. z o.o.<\/strong><br \/>\nul. Stara Droga 49,<br \/>\n97-500 Radomsko<\/p>\n<p><strong>Biuro czynne:<\/strong><\/p>\n<p>od poniedzia\u0142ku do pi\u0105tku w godz. 8:30 &#8211; 15:30<\/p>\n<p>Spotkania w innym terminie mo\u017cliwe po wcze\u015bniejszym telefonicznym uzgodnieniu terminu.[\/vc_column_text][\/vc_column_inner][\/vc_row_inner][\/vc_column][\/vc_row][vc_row thsn-text-color=&#8221;white&#8221; thsn-bg-color=&#8221;gradientcolor&#8221; full_width=&#8221;stretch_row&#8221; css=&#8221;.vc_custom_1569934916106{padding-top: 60px !important;padding-bottom: 60px !important;}&#8221; el_class=&#8221;thsn-two-colum-view-991-to-768&#8243;][vc_column width=&#8221;1\/3&#8243;]<div  class=\"themesion-ele themesion-ele-fid themesion-ele-fid-style-1 \"><div class=\"thsn-fld-contents d-flex align-items-center\">\r\n\t<div class=\"thsn-sbox-icon-wrapper\"><i class=\"thsn-mentry-icon thsn-mentry-icon-employee\"><\/i><\/div>\t<div class=\"thsn-fld-wrap\">\r\n\t\t<h4 class=\"thsn-fid-inner\">\r\n\t\t\t\t\t\t<span\r\n\t\t\t\tclass\t\t\t\t  = \"thsn-number-rotate\"\r\n\t\t\t\tdata-appear-animation = \"animateDigits\"\r\n\t\t\t\tdata-from             = \"0\"\r\n\t\t\t\tdata-to               = \"35\"\r\n\t\t\t\tdata-interval         = \"5\"\r\n\t\t\t\tdata-before           = \"\"\r\n\t\t\t\tdata-before-style     = \"\"\r\n\t\t\t\tdata-after            = \"\"\r\n\t\t\t\tdata-after-style      = \"\"\r\n\t\t\t\t>\r\n\t\t\t\t\t35\t\t\t<\/span>\r\n\t\t\t<span class=\"thsn-fid-sub\"><\/span>\r\n\t\t<\/h4>\r\n\t\t\t\t<h3 class=\"thsn-fid-title\"><span>LATA NA RYNKU BUDOWLANYM<br><\/span><\/h3>\r\n\t\t\t<\/div>\r\n<\/div><!-- .thsn-fld-contents -->\r\n<\/div>[\/vc_column][vc_column width=&#8221;1\/3&#8243; thsn-responsive-css=&#8221;78066078|colbreak_no|||||||||colbreak_no|||||||||colbreak_no|40|||||||||colbreak_no|||||||||&#8221;]<div  class=\"themesion-ele themesion-ele-fid themesion-ele-fid-style-1 \"><div class=\"thsn-fld-contents d-flex align-items-center\">\r\n\t<div class=\"thsn-sbox-icon-wrapper\"><i class=\"thsn-mentry-icon thsn-mentry-icon-agreement\"><\/i><\/div>\t<div class=\"thsn-fld-wrap\">\r\n\t\t<h4 class=\"thsn-fid-inner\">\r\n\t\t\t\t\t\t<span\r\n\t\t\t\tclass\t\t\t\t  = \"thsn-number-rotate\"\r\n\t\t\t\tdata-appear-animation = \"animateDigits\"\r\n\t\t\t\tdata-from             = \"0\"\r\n\t\t\t\tdata-to               = \"500\"\r\n\t\t\t\tdata-interval         = \"5\"\r\n\t\t\t\tdata-before           = \"\"\r\n\t\t\t\tdata-before-style     = \"\"\r\n\t\t\t\tdata-after            = \"\"\r\n\t\t\t\tdata-after-style      = \"\"\r\n\t\t\t\t>\r\n\t\t\t\t\t500\t\t\t<\/span>\r\n\t\t\t<span class=\"thsn-fid-sub\"><\/span>\r\n\t\t<\/h4>\r\n\t\t\t\t<h3 class=\"thsn-fid-title\"><span>ODDANYCH MIESZKA\u0143<br><\/span><\/h3>\r\n\t\t\t<\/div>\r\n<\/div><!-- .thsn-fld-contents -->\r\n<\/div>[\/vc_column][vc_column width=&#8221;1\/3&#8243; thsn-responsive-css=&#8221;79903881|colbreak_no|||||||||colbreak_no|||||||||colbreak_no|40|||||||||colbreak_no|||||||||&#8221;]<div  class=\"themesion-ele themesion-ele-fid themesion-ele-fid-style-1 \"><div class=\"thsn-fld-contents d-flex align-items-center\">\r\n\t<div class=\"thsn-sbox-icon-wrapper\"><i class=\"thsn-mentry-icon thsn-mentry-icon-loan-3\"><\/i><\/div>\t<div class=\"thsn-fld-wrap\">\r\n\t\t<h4 class=\"thsn-fid-inner\">\r\n\t\t\t\t\t\t<span\r\n\t\t\t\tclass\t\t\t\t  = \"thsn-number-rotate\"\r\n\t\t\t\tdata-appear-animation = \"animateDigits\"\r\n\t\t\t\tdata-from             = \"0\"\r\n\t\t\t\tdata-to               = \"242\"\r\n\t\t\t\tdata-interval         = \"5\"\r\n\t\t\t\tdata-before           = \"\"\r\n\t\t\t\tdata-before-style     = \"\"\r\n\t\t\t\tdata-after            = \"\"\r\n\t\t\t\tdata-after-style      = \"\"\r\n\t\t\t\t>\r\n\t\t\t\t\t242\t\t\t<\/span>\r\n\t\t\t<span class=\"thsn-fid-sub\"><\/span>\r\n\t\t<\/h4>\r\n\t\t\t\t<h3 class=\"thsn-fid-title\"><span>ZREALIZOWANYCH INWESTYCJI<br><\/span><\/h3>\r\n\t\t\t<\/div>\r\n<\/div><!-- .thsn-fld-contents -->\r\n<\/div>[\/vc_column][\/vc_row]<\/p>\n","protected":false},"excerpt":{"rendered":"<p>[vc_row gap=&#8221;10&#8243; content_placement=&#8221;middle&#8221;][vc_column thsn-bg-image-position=&#8221;center-center&#8221; width=&#8221;1\/6&#8243; css=&#8221;.vc_custom_1701625299946{padding-top: 10px !important;}&#8221;][\/vc_column][vc_column width=&#8221;2\/3&#8243;][vc_empty_space][vc_column_text] Na terenie osiedla funkcjonuje: \u00b7 sklep og\u00f3lnospo\u017cywczy \u201eVitaminka&#8221; \u00b7 przedszkole \u201eNibylandia&#8221; \u00b7 gabinet stomatologiczny \u00b7 \u017c\u0142obek W pobli\u017cu kursuj\u0105 autobusy komunikacji miejskiej, zapewniaj\u0105c sprawne po\u0142\u0105czenie z pozosta\u0142ymi cz\u0119\u015bciami miasta. W promieniu 5km od osiedla znajduj\u0105 si\u0119: szko\u0142y podstawowe, liceum, parki oraz place zabaw. Osiedle \u201eS\u0142oneczne\u201d stanowi [&hellip;]<\/p>\n","protected":false},"author":1,"featured_media":0,"parent":0,"menu_order":5,"comment_status":"closed","ping_status":"closed","template":"","meta":{"footnotes":""},"acf":[],"_links":{"self":[{"href":"https:\/\/radomsko-mieszkania.pl\/osiedle-sloneczne\/wp-json\/wp\/v2\/pages\/8516"}],"collection":[{"href":"https:\/\/radomsko-mieszkania.pl\/osiedle-sloneczne\/wp-json\/wp\/v2\/pages"}],"about":[{"href":"https:\/\/radomsko-mieszkania.pl\/osiedle-sloneczne\/wp-json\/wp\/v2\/types\/page"}],"author":[{"embeddable":true,"href":"https:\/\/radomsko-mieszkania.pl\/osiedle-sloneczne\/wp-json\/wp\/v2\/users\/1"}],"replies":[{"embeddable":true,"href":"https:\/\/radomsko-mieszkania.pl\/osiedle-sloneczne\/wp-json\/wp\/v2\/comments?post=8516"}],"version-history":[{"count":113,"href":"https:\/\/radomsko-mieszkania.pl\/osiedle-sloneczne\/wp-json\/wp\/v2\/pages\/8516\/revisions"}],"predecessor-version":[{"id":16527,"href":"https:\/\/radomsko-mieszkania.pl\/osiedle-sloneczne\/wp-json\/wp\/v2\/pages\/8516\/revisions\/16527"}],"wp:attachment":[{"href":"https:\/\/radomsko-mieszkania.pl\/osiedle-sloneczne\/wp-json\/wp\/v2\/media?parent=8516"}],"curies":[{"name":"wp","href":"https:\/\/api.w.org\/{rel}","templated":true}]}}